{"id":7614,"date":"2021-03-02T15:17:56","date_gmt":"2021-03-02T15:17:56","guid":{"rendered":"https:\/\/www.goloarte.com\/?post_type=product&#038;p=7614"},"modified":"2021-10-22T11:06:05","modified_gmt":"2021-10-22T11:06:05","slug":"al-lado-del-rio-pont-aven-francia-40x50","status":"publish","type":"product","link":"https:\/\/www.goloarte.com\/index.php\/producto\/al-lado-del-rio-pont-aven-francia-40x50\/","title":{"rendered":"Al lado del r\u00edo (Pont-Aven, Francia) 40\u00d750"},"content":{"rendered":"<p>Este peque\u00f1o pueblo, acurrucado en el estuario del r\u00edo Aven, debe su notoriedad a la escuela de pintores que tuvo a Gauguin por maestro. Paseando junto a la r\u00eda, cruzando los puentes y pasarelas, resulta f\u00e1cil imaginar c\u00f3mo la poes\u00eda de los paisajes y la luminosidad de este puertecito fascinaban a los artistas.<\/p>\n","protected":false},"excerpt":{"rendered":"<p>Obra original. Firmado. Sin enmarcar.<\/p>\n","protected":false},"featured_media":7615,"comment_status":"open","ping_status":"closed","template":"","meta":[],"product_brand":[],"product_cat":[102],"product_tag":[],"class_list":{"0":"post-7614","1":"product","2":"type-product","3":"status-publish","4":"has-post-thumbnail","6":"product_cat-oleo-sobre-lienzo","8":"first","9":"instock","10":"shipping-taxable","11":"product-type-simple"},"_links":{"self":[{"href":"https:\/\/www.goloarte.com\/index.php\/wp-json\/wp\/v2\/product\/7614","targetHints":{"allow":["GET"]}}],"collection":[{"href":"https:\/\/www.goloarte.com\/index.php\/wp-json\/wp\/v2\/product"}],"about":[{"href":"https:\/\/www.goloarte.com\/index.php\/wp-json\/wp\/v2\/types\/product"}],"replies":[{"embeddable":true,"href":"https:\/\/www.goloarte.com\/index.php\/wp-json\/wp\/v2\/comments?post=7614"}],"wp:featuredmedia":[{"embeddable":true,"href":"https:\/\/www.goloarte.com\/index.php\/wp-json\/wp\/v2\/media\/7615"}],"wp:attachment":[{"href":"https:\/\/www.goloarte.com\/index.php\/wp-json\/wp\/v2\/media?parent=7614"}],"wp:term":[{"taxonomy":"product_brand","embeddable":true,"href":"https:\/\/www.goloarte.com\/index.php\/wp-json\/wp\/v2\/product_brand?post=7614"},{"taxonomy":"product_cat","embeddable":true,"href":"https:\/\/www.goloarte.com\/index.php\/wp-json\/wp\/v2\/product_cat?post=7614"},{"taxonomy":"product_tag","embeddable":true,"href":"https:\/\/www.goloarte.com\/index.php\/wp-json\/wp\/v2\/product_tag?post=7614"}],"curies":[{"name":"wp","href":"https:\/\/api.w.org\/{rel}","templated":true}]}}