{"id":7466,"date":"2021-02-28T18:51:19","date_gmt":"2021-02-28T18:51:19","guid":{"rendered":"http:\/\/www.goloarte.com\/?post_type=product&#038;p=7466"},"modified":"2021-10-22T11:20:09","modified_gmt":"2021-10-22T11:20:09","slug":"ser-un-quijote-130x97","status":"publish","type":"product","link":"https:\/\/www.goloarte.com\/index.php\/producto\/ser-un-quijote-130x97\/","title":{"rendered":"Ser un Quijote 130\u00d797"},"content":{"rendered":"<blockquote><p>Ser un Quijote&#8230; ensanchar nuestra visi\u00f3n!<br \/>\nPermitirnos imaginar realidades mejores y m\u00e1s llenas , profundas , perfectas, ideales .<br \/>\nViviendo la vida , como si fuera m\u00e1s justa y m\u00e1s bella , terminaremos siendo mejores y m\u00e1s felices!<\/p><\/blockquote>\n","protected":false},"excerpt":{"rendered":"<p>Obra original. Firmado. Sin enmarcar.<\/p>\n","protected":false},"featured_media":7467,"comment_status":"open","ping_status":"closed","template":"","meta":[],"product_brand":[],"product_cat":[102],"product_tag":[],"class_list":{"0":"post-7466","1":"product","2":"type-product","3":"status-publish","4":"has-post-thumbnail","6":"product_cat-oleo-sobre-lienzo","8":"first","9":"instock","10":"shipping-taxable","11":"product-type-simple"},"_links":{"self":[{"href":"https:\/\/www.goloarte.com\/index.php\/wp-json\/wp\/v2\/product\/7466","targetHints":{"allow":["GET"]}}],"collection":[{"href":"https:\/\/www.goloarte.com\/index.php\/wp-json\/wp\/v2\/product"}],"about":[{"href":"https:\/\/www.goloarte.com\/index.php\/wp-json\/wp\/v2\/types\/product"}],"replies":[{"embeddable":true,"href":"https:\/\/www.goloarte.com\/index.php\/wp-json\/wp\/v2\/comments?post=7466"}],"wp:featuredmedia":[{"embeddable":true,"href":"https:\/\/www.goloarte.com\/index.php\/wp-json\/wp\/v2\/media\/7467"}],"wp:attachment":[{"href":"https:\/\/www.goloarte.com\/index.php\/wp-json\/wp\/v2\/media?parent=7466"}],"wp:term":[{"taxonomy":"product_brand","embeddable":true,"href":"https:\/\/www.goloarte.com\/index.php\/wp-json\/wp\/v2\/product_brand?post=7466"},{"taxonomy":"product_cat","embeddable":true,"href":"https:\/\/www.goloarte.com\/index.php\/wp-json\/wp\/v2\/product_cat?post=7466"},{"taxonomy":"product_tag","embeddable":true,"href":"https:\/\/www.goloarte.com\/index.php\/wp-json\/wp\/v2\/product_tag?post=7466"}],"curies":[{"name":"wp","href":"https:\/\/api.w.org\/{rel}","templated":true}]}}