{"id":5589,"date":"2017-02-23T12:06:49","date_gmt":"2017-02-23T12:06:49","guid":{"rendered":"http:\/\/koto.elated-themes.com\/product\/dark-chocolate-2\/"},"modified":"2021-10-22T11:27:55","modified_gmt":"2021-10-22T11:27:55","slug":"dark-chocolate-2","status":"publish","type":"product","link":"https:\/\/www.goloarte.com\/index.php\/producto\/dark-chocolate-2\/","title":{"rendered":"La playa 73\u00d760"},"content":{"rendered":"<p>En la actualidad, sus obras est\u00e1n realizadas con los m\u00e9todos antiguos, pero incorporando materiales actuales, fruto de su constante investigaci\u00f3n. Lo que les otorga un car\u00e1cter muy actual sin perder esa evocaci\u00f3n cl\u00e1sica.<\/p>\n","protected":false},"excerpt":{"rendered":"<p>Obra original. Firmado. Enmarcado.<\/p>\n","protected":false},"featured_media":7195,"comment_status":"closed","ping_status":"closed","template":"","meta":[],"product_brand":[],"product_cat":[102],"product_tag":[],"class_list":{"0":"post-5589","1":"product","2":"type-product","3":"status-publish","4":"has-post-thumbnail","6":"product_cat-oleo-sobre-lienzo","8":"first","9":"instock","10":"sold-individually","11":"shipping-taxable","12":"product-type-simple"},"_links":{"self":[{"href":"https:\/\/www.goloarte.com\/index.php\/wp-json\/wp\/v2\/product\/5589","targetHints":{"allow":["GET"]}}],"collection":[{"href":"https:\/\/www.goloarte.com\/index.php\/wp-json\/wp\/v2\/product"}],"about":[{"href":"https:\/\/www.goloarte.com\/index.php\/wp-json\/wp\/v2\/types\/product"}],"replies":[{"embeddable":true,"href":"https:\/\/www.goloarte.com\/index.php\/wp-json\/wp\/v2\/comments?post=5589"}],"wp:featuredmedia":[{"embeddable":true,"href":"https:\/\/www.goloarte.com\/index.php\/wp-json\/wp\/v2\/media\/7195"}],"wp:attachment":[{"href":"https:\/\/www.goloarte.com\/index.php\/wp-json\/wp\/v2\/media?parent=5589"}],"wp:term":[{"taxonomy":"product_brand","embeddable":true,"href":"https:\/\/www.goloarte.com\/index.php\/wp-json\/wp\/v2\/product_brand?post=5589"},{"taxonomy":"product_cat","embeddable":true,"href":"https:\/\/www.goloarte.com\/index.php\/wp-json\/wp\/v2\/product_cat?post=5589"},{"taxonomy":"product_tag","embeddable":true,"href":"https:\/\/www.goloarte.com\/index.php\/wp-json\/wp\/v2\/product_tag?post=5589"}],"curies":[{"name":"wp","href":"https:\/\/api.w.org\/{rel}","templated":true}]}}