{"id":5586,"date":"2017-02-23T12:05:03","date_gmt":"2017-02-23T12:05:03","guid":{"rendered":"http:\/\/koto.elated-themes.com\/product\/brighter-days-2\/"},"modified":"2021-10-22T11:29:02","modified_gmt":"2021-10-22T11:29:02","slug":"brighter-days-2","status":"publish","type":"product","link":"https:\/\/www.goloarte.com\/index.php\/producto\/brighter-days-2\/","title":{"rendered":"P\u00e1jaro 81\u00d760"},"content":{"rendered":"<blockquote><p>En la actualidad, sus obras est\u00e1n realizadas con los m\u00e9todos antiguos, pero incorporando materiales actuales, fruto de su constante investigaci\u00f3n. Lo que les otorga un car\u00e1cter muy actual sin perder esa evocaci\u00f3n cl\u00e1sica.<\/p><\/blockquote>\n","protected":false},"excerpt":{"rendered":"<p>Obra original. Firmado. Enmarcado.<\/p>\n","protected":false},"featured_media":7197,"comment_status":"closed","ping_status":"closed","template":"","meta":[],"product_brand":[],"product_cat":[102],"product_tag":[],"class_list":{"0":"post-5586","1":"product","2":"type-product","3":"status-publish","4":"has-post-thumbnail","6":"product_cat-oleo-sobre-lienzo","8":"first","9":"instock","10":"sold-individually","11":"shipping-taxable","12":"product-type-simple"},"_links":{"self":[{"href":"https:\/\/www.goloarte.com\/index.php\/wp-json\/wp\/v2\/product\/5586","targetHints":{"allow":["GET"]}}],"collection":[{"href":"https:\/\/www.goloarte.com\/index.php\/wp-json\/wp\/v2\/product"}],"about":[{"href":"https:\/\/www.goloarte.com\/index.php\/wp-json\/wp\/v2\/types\/product"}],"replies":[{"embeddable":true,"href":"https:\/\/www.goloarte.com\/index.php\/wp-json\/wp\/v2\/comments?post=5586"}],"wp:featuredmedia":[{"embeddable":true,"href":"https:\/\/www.goloarte.com\/index.php\/wp-json\/wp\/v2\/media\/7197"}],"wp:attachment":[{"href":"https:\/\/www.goloarte.com\/index.php\/wp-json\/wp\/v2\/media?parent=5586"}],"wp:term":[{"taxonomy":"product_brand","embeddable":true,"href":"https:\/\/www.goloarte.com\/index.php\/wp-json\/wp\/v2\/product_brand?post=5586"},{"taxonomy":"product_cat","embeddable":true,"href":"https:\/\/www.goloarte.com\/index.php\/wp-json\/wp\/v2\/product_cat?post=5586"},{"taxonomy":"product_tag","embeddable":true,"href":"https:\/\/www.goloarte.com\/index.php\/wp-json\/wp\/v2\/product_tag?post=5586"}],"curies":[{"name":"wp","href":"https:\/\/api.w.org\/{rel}","templated":true}]}}