{"id":6969,"date":"2017-06-14T09:14:29","date_gmt":"2017-06-14T09:14:29","guid":{"rendered":"http:\/\/www.goloarte.com\/?page_id=6969"},"modified":"2017-06-14T10:11:26","modified_gmt":"2017-06-14T10:11:26","slug":"politica-de-cookies","status":"publish","type":"page","link":"https:\/\/www.goloarte.com\/index.php\/politica-de-cookies\/","title":{"rendered":"Pol\u00edtica de cookies"},"content":{"rendered":"<p>[vc_row disable_background_image=\u00bb480&#8243; css=\u00bb.vc_custom_1488816290577{padding-top: 63px !important;padding-bottom: 60px !important;background-image: url(http:\/\/koto.elated-themes.com\/wp-content\/uploads\/2017\/02\/h1-background-1.jpg?id=3682) !important;background-position: 0 0 !important;background-repeat: no-repeat !important;}\u00bb][vc_column][vc_empty_space height=\u00bb60px\u00bb][vc_row_inner row_content_width=\u00bbgrid\u00bb disable_background_image=\u00bb\u00bb][vc_column_inner width=\u00bb2\/3&#8243; offset=\u00bbvc_col-lg-offset-4 vc_col-lg-4 vc_col-md-offset-2 vc_col-md-8 vc_col-sm-offset-2&#8243;]<div class=\"eltdf-section-title-holder eltdf-default-separator-image\" style=\"text-align: center\">\n\t\t\t<h2 class=\"eltdf-st-title\" >\n\t\t\t<span>POLITICA DE COOKIES<\/span>\n\t\t<\/h2>\n\t\t\t\t<div class=\"eltdf-st-separator\" >\n\t\t\t\t\t\t\t<img decoding=\"async\" itemprop=\"image\" class=\"eltdf-st-separator-image\" src=\"https:\/\/www.goloarte.com\/wp-content\/plugins\/eltdf-core\/shortcodes\/section-title\/assets\/img\/section-title.svg\" alt=\"Section Title Separator\" \/>\n\t\t\t\t\t<\/div>\n\t\t\t\t<h4 class=\"eltdf-st-text\" >Acepta la utilizaci\u00f3n de cookies en nuestra web<\/h4>\n\t<\/div>[\/vc_column_inner][\/vc_row_inner][vc_row_inner row_content_width=\u00bbgrid\u00bb content_text_aligment=\u00bbcenter\u00bb disable_background_image=\u00bb\u00bb css=\u00bb.vc_custom_1487941085766{padding-top: 81px !important;}\u00bb][vc_column_inner][vc_single_image image=\u00bb5981&#8243; img_size=\u00bbfull\u00bb onclick=\u00bbcustom_link\u00bb link=\u00bb#\u00bb][vc_empty_space height=\u00bb20px\u00bb][vc_column_text css=\u00bb.vc_custom_1497435026481{padding-right: 3% !important;padding-left: 3% !important;}\u00bb]La reciente\u00a0<strong>modificaci\u00f3n normativa en materia de publicidad<\/strong>\u00a0y gesti\u00f3n del consentimiento para la utilizaci\u00f3n de cookies, p\u00edxeles u otros elementos de almacenamiento de informaci\u00f3n conlleva la obligaci\u00f3n de los sitios web a adaptarse a la nueva normativa sobre cookies de la\u00a0<a href=\"http:\/\/noticias.juridicas.com\/base_datos\/Admin\/l34-2002.html\" target=\"_blank\" rel=\"noopener noreferrer\">Ley 34\/2002, de servicios de la sociedad de la informaci\u00f3n y comercio electr\u00f3nico<\/a>.<\/p>\n<p>La descarga de este tipo de elementos, suponen la capacidad para recopilar informaci\u00f3n de la actividad del usuario y tiene implicaciones en relaci\u00f3n con su privacidad.<\/p>\n<p>Por ello, la nueva normativa impone la obligaci\u00f3n de obtener el consentimiento informado de los usuarios para aceptar la utilizaci\u00f3n de cookies en los sitios web.[\/vc_column_text][\/vc_column_inner][\/vc_row_inner][\/vc_column][\/vc_row][vc_row disable_background_image=\u00bb\u00bb css=\u00bb.vc_custom_1487941168035{padding-top: 48px !important;padding-bottom: 53px !important;background-color: #f9f9f9 !important;}\u00bb][vc_column][vc_row_inner content_placement=\u00bbtop\u00bb row_content_width=\u00bbgrid\u00bb disable_background_image=\u00bb\u00bb css=\u00bb.vc_custom_1487601638454{padding-right: 3% !important;padding-left: 3% !important;}\u00bb][vc_column_inner css=\u00bb.vc_custom_1487603618793{padding-right: 30px !important;}\u00bb offset=\u00bbvc_col-lg-offset-0 vc_col-lg-4 vc_col-md-12 vc_col-sm-offset-2&#8243;][vc_column_text css=\u00bb.vc_custom_1497434113625{padding-left: 11% !important;}\u00bb]<\/p>\n<h3 style=\"text-align: right;\">\u00bfQU\u00c9 ES UNA COKKIE?<\/h3>\n<p>[\/vc_column_text][vc_empty_space height=\u00bb50px\u00bb][\/vc_column_inner][vc_column_inner css=\u00bb.vc_custom_1487603627330{padding-top: 12px !important;padding-left: 25px !important;}\u00bb offset=\u00bbvc_col-lg-offset-0 vc_col-lg-8 vc_col-md-12 vc_col-sm-offset-0&#8243;][vc_column_text]Las\u00a0<em>cookies\u00a0<\/em>son peque\u00f1o ficheros que se descarga en tu ordenador cuando navegas por sitios web. Un ejemplo sencillo ser\u00eda cuando entras en la p\u00e1gina de una cuenta de correo electr\u00f3nico web como Gmail, Outlook o Yahoo Mail.<\/p>\n<p>Las\u00a0<em>cookies\u00a0<\/em>permiten a un sitio web reconocer el navegador de un usuario y\u00a0<strong>no contienen ni recopilan informaci\u00f3n<\/strong>. Se usan, por ejemplo, para mantener en usuario autenticado en una cuenta como las anteriores sin que sea necesario que se autentique cada vez que acceda a su cuenta. Otro ejemplo es la publicidad donde basado en anuncios que haya visitado el usuario previamente, se le intentan ofrecer anuncios m\u00e1s relevantes.<\/p>\n<p>Utilizamos los siguientes tipos de cookies:<\/p>\n<ul>\n<li><strong>Cookies de primeras partes<\/strong>: son cookies estrictamente necesarias. Permiten la interactuaci\u00f3n del usuario por el sitio web utilizando todas sus funciones. (Duraci\u00f3n entre 23 d\u00edas y tres meses).<\/li>\n<li><strong>Cookies de rendimiento y an\u00e1lisis<\/strong>: son cookies utilizadas para el an\u00e1lisis y estad\u00edsticas que mejoran la experiencia del sitio web. Mediante el uso de estas cookies se puede mostrar informaci\u00f3n m\u00e1s relevante a los visitantes. (Duraci\u00f3n entre 100 d\u00edas y 1 a\u00f1o).<\/li>\n<\/ul>\n<p>As\u00ed mismo, Google Analytics habilita en el dominio del sitio web las cookies denominadas:<\/p>\n<ul>\n<li>\u201c__utma\u201d: es necesaria para el funcionamiento de Google Analytics y tiene un per\u00edodo de caducidad de 2 a\u00f1os.<\/li>\n<li>\u201c__utmz\u201d: es utilizada para realizar la ubicaci\u00f3n de la visita, es decir, desde d\u00f3nde y c\u00f3mo ha llegado el usuario a nuestra web y caduca a los 6 meses).<\/li>\n<\/ul>\n<p>El objetivo es recopilar estad\u00edsticas: el n\u00famero de visitas, el per\u00edodo de consultas, el buscador utilizado para acceder al sitio web, las palabras clave utilizadas, la ubicaci\u00f3n global del visitante, los contenidos visitados en el sitio web, as\u00ed como otros par\u00e1metros del tr\u00e1fico en el sitio web, siempre desde el\u00a0<strong>anonimato.<\/strong><\/p>\n<p>Google almacena esta informaci\u00f3n recogida por las\u00a0<em>cookies<\/em>\u00a0de manera que no se identifica a ning\u00fan usuario. Tampoco se asocia su direcci\u00f3n de IP con cualquier otra informaci\u00f3n de la que disponga. Adem\u00e1s, Google Inc es una empresa que se encuentra adherida al Acuerdo de Puerto Seguro. Dicho acuerdo garantiza que los datos transferidos ser\u00e1n tratados conforme a los niveles de protecci\u00f3n de la normativa europea. Para obtener m\u00e1s informaci\u00f3n acerca de Google Analytics puede dirigirse<strong>\u00a0<\/strong><a href=\"http:\/\/goo.gl\/KxpaZ\" target=\"_blank\" rel=\"noopener noreferrer\"><strong>al siguiente enlace<\/strong><\/a>.<\/p>\n<p>A partir de la opci\u00f3n que tome acerca del uso de cookies en este sitio web, se le enviar\u00e1 una cookie adicional para salvaguardar su elecci\u00f3n y que no tenga que aceptar el uso de cookies cada vez que acceda a nuestra web[\/vc_column_text][vc_empty_space height=\u00bb50px\u00bb][\/vc_column_inner][\/vc_row_inner][\/vc_column][\/vc_row][vc_row disable_background_image=\u00bb\u00bb css=\u00bb.vc_custom_1487941296021{padding-top: 67px !important;padding-bottom: 50px !important;background-image: url(http:\/\/koto.elated-themes.com\/wp-content\/uploads\/2017\/02\/p2-background-2.jpg?id=4181) !important;}\u00bb][vc_column][vc_column_text css=\u00bb.vc_custom_1497434815384{padding-left: 11% !important;}\u00bb]<\/p>\n<h3 style=\"text-align: left;\">\u00bfC\u00f3mo desactivar las cookies?<\/h3>\n<p>[\/vc_column_text][vc_empty_space height=\u00bb50px\u00bb][vc_row_inner content_placement=\u00bbmiddle\u00bb row_content_width=\u00bbgrid\u00bb disable_background_image=\u00bb\u00bb][vc_column_inner][vc_column_text css=\u00bb.vc_custom_1497434915014{padding-right: 3% !important;padding-left: 3% !important;}\u00bb]Todos los navegadores permiten hacer cambios que permiten desactivar la configuraci\u00f3n de las cookies. Estos ajustes se encuentran ubicados en las \u201copciones\u201d o \u201cpreferencias\u201d del men\u00fa de su navegador.<br \/>\nA continuaci\u00f3n te dejamos los enlaces con instrucciones para diferentes navegadores donde ver\u00e1s c\u00f3mo deshabilitar las cookies.<\/p>\n<p>No obstante, recuerda que inhabilitar cookies implica\u00a0<strong>perder funcionalidad<\/strong>\u00a0en muchos sitios web.<\/p>\n<ul>\n<li>Instrucciones\u00a0<a href=\"http:\/\/goo.gl\/ksN5y\" target=\"_blank\" rel=\"noopener noreferrer\"><strong>para Internet Explorer<\/strong><\/a><\/li>\n<li>Instrucciones para\u00a0<strong><a href=\"http:\/\/goo.gl\/F5pHX\" target=\"_blank\" rel=\"noopener noreferrer\">Mozilla Firefox<\/a><\/strong><\/li>\n<li>Instrucciones para\u00a0<strong><a href=\"http:\/\/goo.gl\/8cAo\" target=\"_blank\" rel=\"noopener noreferrer\">Google Chrome<\/a><\/strong><\/li>\n<li>Instrucciones para\u00a0<strong><a href=\"http:\/\/goo.gl\/KFBFh\" target=\"_blank\" rel=\"noopener noreferrer\">Safari<\/a><\/strong><\/li>\n<\/ul>\n<p>Si desea no deseas ser rastreado por las cookies, Google ha desarrollado un complemento para instalar en su navegador al que puede acceder<strong>\u00a0<a href=\"http:\/\/goo.gl\/up4ND\" target=\"_blank\" rel=\"noopener noreferrer\">en el siguiente enlace<\/a><\/strong>.[\/vc_column_text][\/vc_column_inner][\/vc_row_inner][\/vc_column][\/vc_row]<\/p>\n","protected":false},"excerpt":{"rendered":"<p>[vc_row disable_background_image=\u00bb480&#8243; css=\u00bb.vc_custom_1488816290577{padding-top: 63px !important;padding-bottom: 60px !important;background-image: url(http:\/\/koto.elated-themes.com\/wp-content\/uploads\/2017\/02\/h1-background-1.jpg?id=3682) !important;background-position: 0 0 !important;background-repeat: no-repeat !important;}\u00bb][vc_column][vc_empty_space height=\u00bb60px\u00bb][vc_row_inner row_content_width=\u00bbgrid\u00bb disable_background_image=\u00bb\u00bb][vc_column_inner width=\u00bb2\/3&#8243; offset=\u00bbvc_col-lg-offset-4 vc_col-lg-4 vc_col-md-offset-2 vc_col-md-8 vc_col-sm-offset-2&#8243;][\/vc_column_inner][\/vc_row_inner][vc_row_inner row_content_width=\u00bbgrid\u00bb content_text_aligment=\u00bbcenter\u00bb disable_background_image=\u00bb\u00bb css=\u00bb.vc_custom_1487941085766{padding-top: 81px !important;}\u00bb][vc_column_inner][vc_single_image image=\u00bb5981&#8243; img_size=\u00bbfull\u00bb onclick=\u00bbcustom_link\u00bb link=\u00bb#\u00bb][vc_empty_space height=\u00bb20px\u00bb][vc_column_text css=\u00bb.vc_custom_1497435026481{padding-right: 3% !important;padding-left: 3% !important;}\u00bb]La reciente\u00a0modificaci\u00f3n [&hellip;]<\/p>\n","protected":false},"author":1,"featured_media":0,"parent":0,"menu_order":0,"comment_status":"closed","ping_status":"closed","template":"full-width.php","meta":{"footnotes":""},"class_list":["post-6969","page","type-page","status-publish","hentry"],"_links":{"self":[{"href":"https:\/\/www.goloarte.com\/index.php\/wp-json\/wp\/v2\/pages\/6969","targetHints":{"allow":["GET"]}}],"collection":[{"href":"https:\/\/www.goloarte.com\/index.php\/wp-json\/wp\/v2\/pages"}],"about":[{"href":"https:\/\/www.goloarte.com\/index.php\/wp-json\/wp\/v2\/types\/page"}],"author":[{"embeddable":true,"href":"https:\/\/www.goloarte.com\/index.php\/wp-json\/wp\/v2\/users\/1"}],"replies":[{"embeddable":true,"href":"https:\/\/www.goloarte.com\/index.php\/wp-json\/wp\/v2\/comments?post=6969"}],"version-history":[{"count":13,"href":"https:\/\/www.goloarte.com\/index.php\/wp-json\/wp\/v2\/pages\/6969\/revisions"}],"predecessor-version":[{"id":6982,"href":"https:\/\/www.goloarte.com\/index.php\/wp-json\/wp\/v2\/pages\/6969\/revisions\/6982"}],"wp:attachment":[{"href":"https:\/\/www.goloarte.com\/index.php\/wp-json\/wp\/v2\/media?parent=6969"}],"curies":[{"name":"wp","href":"https:\/\/api.w.org\/{rel}","templated":true}]}}