{"id":4470,"date":"2017-02-13T12:39:17","date_gmt":"2017-02-13T12:39:17","guid":{"rendered":"http:\/\/koto.elated-themes.com\/?page_id=4470"},"modified":"2021-03-04T12:10:57","modified_gmt":"2021-03-04T12:10:57","slug":"blog","status":"publish","type":"page","link":"https:\/\/www.goloarte.com\/index.php\/blog\/","title":{"rendered":"Mi actualidad"},"content":{"rendered":"<p>[vc_row disable_background_image=\u00bb\u00bb][vc_column]<div class=\"eltdf-parallax-holder eltdf-vertical-middle-align eltdf-disabled-parallax-on-touch\" data-parallax-speed=\"1\" style=\"background-image: url(https:\/\/www.goloarte.com\/wp-content\/uploads\/2017\/02\/h8-background-1-1.jpg);min-height: 400px;height: 400px\">\n\t<div class=\"eltdf-parallax-inner\">\n\t\t[vc_empty_space]<div class=\"eltdf-section-title-holder eltdf-default-separator-image\" style=\"text-align: center\">\n\t\t\t<h1 class=\"eltdf-st-title\" >\n\t\t\t<span>CONOCE MIS NOTICIAS<\/span>\n\t\t<\/h1>\n\t\t\t\t<div class=\"eltdf-st-separator\" >\n\t\t\t\t\t\t\t<img decoding=\"async\" itemprop=\"image\" class=\"eltdf-st-separator-image\" src=\"https:\/\/www.goloarte.com\/wp-content\/plugins\/eltdf-core\/shortcodes\/section-title\/assets\/img\/section-title.svg\" alt=\"Section Title Separator\" \/>\n\t\t\t\t\t<\/div>\n\t\t<\/div>[vc_empty_space height=\u00bb82px\u00bb]<div class=\"eltdf-blog-list-holder eltdf-bl-standard eltdf-bl-three-columns eltdf-bl-normal-space eltdf-bl-pag-no-pagination\"  data-type=standard data-number-of-posts=6 data-number-of-columns=3 data-space-between-columns=normal data-category=sin-categoria data-order-by=date data-order=DESC data-image-size=full data-title-tag=h5 data-excerpt-length=90 data-post-info-section=yes data-post-info-image=yes data-post-info-author=yes data-post-info-date=yes data-post-info-category=yes data-post-info-comments=no data-post-info-like=no data-post-info-share=no data-pagination-type=no-pagination data-max-num-pages=2 data-next-page=2>\n\t<div class=\"eltdf-bl-wrapper\">\n\t\t<ul class=\"eltdf-blog-list\">\n\t\t\t<li class=\"eltdf-bl-item clearfix\">\n\t<div class=\"eltdf-bli-inner\">\n        \n\t<div class=\"eltdf-post-image\">\n        \t\t    <a itemprop=\"url\" href=\"https:\/\/www.goloarte.com\/index.php\/2021\/03\/02\/exposicion-3\/\" title=\"Exposici\u00f3n\">\n                            <img loading=\"lazy\" decoding=\"async\" width=\"1920\" height=\"1920\" src=\"https:\/\/www.goloarte.com\/wp-content\/uploads\/2021\/03\/IMG_20200121_122852_326.jpg\" class=\"attachment-full size-full wp-post-image\" alt=\"\" srcset=\"https:\/\/www.goloarte.com\/wp-content\/uploads\/2021\/03\/IMG_20200121_122852_326.jpg 1920w, https:\/\/www.goloarte.com\/wp-content\/uploads\/2021\/03\/IMG_20200121_122852_326-768x768.jpg 768w, https:\/\/www.goloarte.com\/wp-content\/uploads\/2021\/03\/IMG_20200121_122852_326-1536x1536.jpg 1536w, https:\/\/www.goloarte.com\/wp-content\/uploads\/2021\/03\/IMG_20200121_122852_326-550x550.jpg 550w, https:\/\/www.goloarte.com\/wp-content\/uploads\/2021\/03\/IMG_20200121_122852_326-1100x1100.jpg 1100w, https:\/\/www.goloarte.com\/wp-content\/uploads\/2021\/03\/IMG_20200121_122852_326-300x300.jpg 300w, https:\/\/www.goloarte.com\/wp-content\/uploads\/2021\/03\/IMG_20200121_122852_326-600x600.jpg 600w, https:\/\/www.goloarte.com\/wp-content\/uploads\/2021\/03\/IMG_20200121_122852_326-100x100.jpg 100w\" sizes=\"auto, (max-width: 1920px) 100vw, 1920px\" \/>                \t\t    <\/a>\n        \t<\/div>\n\n        <div class=\"eltdf-bli-content\">\n\t        \t\t        <div class=\"eltdf-bli-info\">\n\t\t\t        <div itemprop=\"dateCreated\" class=\"eltdf-post-info-date entry-date published updated\">\n            <a itemprop=\"url\" href=\"https:\/\/www.goloarte.com\/index.php\/2021\/03\/\">\n    \n        2 marzo, 2021        <\/a>\n    <meta itemprop=\"interactionCount\" content=\"UserComments: 0\"\/>\n<\/div><div class=\"eltdf-post-info-author\">\n    <span class=\"eltdf-post-info-author-text\">\n        By    <\/span>\n    <a itemprop=\"author\" class=\"eltdf-post-info-author-link\" href=\"https:\/\/www.goloarte.com\/index.php\/author\/natalia\/\">\n        natalia golovastikoca    <\/a>\n<\/div><div class=\"eltdf-post-info-category\">\n    <a href=\"https:\/\/www.goloarte.com\/index.php\/category\/sin-categoria\/\" rel=\"category tag\">Actualidad<\/a><\/div>\t\t        <\/div>\n\t        \n            \n<h5 itemprop=\"name\" class=\"entry-title eltdf-post-title\">\n            <a itemprop=\"url\" href=\"https:\/\/www.goloarte.com\/index.php\/2021\/03\/02\/exposicion-3\/\" title=\"Exposici\u00f3n\">\n            Exposici\u00f3n            <\/a>\n    <\/h5>\n            <div class=\"eltdf-bli-excerpt\">\n                                <div class=\"eltdf-post-read-more-button\">\n<a itemprop=\"url\" href=\"https:\/\/www.goloarte.com\/index.php\/2021\/03\/02\/exposicion-3\/\" target=\"_self\"  class=\"eltdf-btn eltdf-btn-medium eltdf-btn-simple eltdf-blog-list-button\"  >    <span class=\"eltdf-btn-text\">LEER MAS<\/span>    <\/a><\/div>\n            <\/div>\n        <\/div>\n\t\t\t<\/div>\n<\/li><li class=\"eltdf-bl-item clearfix\">\n\t<div class=\"eltdf-bli-inner\">\n        \n\t<div class=\"eltdf-post-image\">\n        \t\t    <a itemprop=\"url\" href=\"https:\/\/www.goloarte.com\/index.php\/2021\/03\/02\/todo-preparado\/\" title=\"Todo preparado\">\n                            <img decoding=\"async\" itemprop=\"image\" class=\"eltdf-custom-post-image\" src=\"https:\/\/www.goloarte.com\/wp-content\/uploads\/2021\/03\/IMG_20200127_190449_682-1.jpg\" alt=\"Blog list featured image\" \/>\n                \t\t    <\/a>\n        \t<\/div>\n\n        <div class=\"eltdf-bli-content\">\n\t        \t\t        <div class=\"eltdf-bli-info\">\n\t\t\t        <div itemprop=\"dateCreated\" class=\"eltdf-post-info-date entry-date published updated\">\n            <a itemprop=\"url\" href=\"https:\/\/www.goloarte.com\/index.php\/2021\/03\/\">\n    \n        2 marzo, 2021        <\/a>\n    <meta itemprop=\"interactionCount\" content=\"UserComments: 0\"\/>\n<\/div><div class=\"eltdf-post-info-author\">\n    <span class=\"eltdf-post-info-author-text\">\n        By    <\/span>\n    <a itemprop=\"author\" class=\"eltdf-post-info-author-link\" href=\"https:\/\/www.goloarte.com\/index.php\/author\/natalia\/\">\n        natalia golovastikoca    <\/a>\n<\/div><div class=\"eltdf-post-info-category\">\n    <a href=\"https:\/\/www.goloarte.com\/index.php\/category\/sin-categoria\/\" rel=\"category tag\">Actualidad<\/a><\/div>\t\t        <\/div>\n\t        \n            \n<h5 itemprop=\"name\" class=\"entry-title eltdf-post-title\">\n            <a itemprop=\"url\" href=\"https:\/\/www.goloarte.com\/index.php\/2021\/03\/02\/todo-preparado\/\" title=\"Todo preparado\">\n            Todo preparado            <\/a>\n    <\/h5>\n            <div class=\"eltdf-bli-excerpt\">\n                                <div class=\"eltdf-post-read-more-button\">\n<a itemprop=\"url\" href=\"https:\/\/www.goloarte.com\/index.php\/2021\/03\/02\/todo-preparado\/\" target=\"_self\"  class=\"eltdf-btn eltdf-btn-medium eltdf-btn-simple eltdf-blog-list-button\"  >    <span class=\"eltdf-btn-text\">LEER MAS<\/span>    <\/a><\/div>\n            <\/div>\n        <\/div>\n\t\t\t<\/div>\n<\/li><li class=\"eltdf-bl-item clearfix\">\n\t<div class=\"eltdf-bli-inner\">\n        \n\t<div class=\"eltdf-post-image\">\n        \t\t    <a itemprop=\"url\" href=\"https:\/\/www.goloarte.com\/index.php\/2019\/03\/12\/exposicion-2\/\" title=\"Exposici\u00f3n\">\n                            <img loading=\"lazy\" decoding=\"async\" width=\"1599\" height=\"1599\" src=\"https:\/\/www.goloarte.com\/wp-content\/uploads\/2019\/03\/IMG_20190215_233447_625.jpg\" class=\"attachment-full size-full wp-post-image\" alt=\"\" srcset=\"https:\/\/www.goloarte.com\/wp-content\/uploads\/2019\/03\/IMG_20190215_233447_625.jpg 1599w, https:\/\/www.goloarte.com\/wp-content\/uploads\/2019\/03\/IMG_20190215_233447_625-768x768.jpg 768w, https:\/\/www.goloarte.com\/wp-content\/uploads\/2019\/03\/IMG_20190215_233447_625-550x550.jpg 550w, https:\/\/www.goloarte.com\/wp-content\/uploads\/2019\/03\/IMG_20190215_233447_625-1100x1100.jpg 1100w, https:\/\/www.goloarte.com\/wp-content\/uploads\/2019\/03\/IMG_20190215_233447_625-300x300.jpg 300w, https:\/\/www.goloarte.com\/wp-content\/uploads\/2019\/03\/IMG_20190215_233447_625-600x600.jpg 600w, https:\/\/www.goloarte.com\/wp-content\/uploads\/2019\/03\/IMG_20190215_233447_625-100x100.jpg 100w\" sizes=\"auto, (max-width: 1599px) 100vw, 1599px\" \/>                \t\t    <\/a>\n        \t<\/div>\n\n        <div class=\"eltdf-bli-content\">\n\t        \t\t        <div class=\"eltdf-bli-info\">\n\t\t\t        <div itemprop=\"dateCreated\" class=\"eltdf-post-info-date entry-date published updated\">\n            <a itemprop=\"url\" href=\"https:\/\/www.goloarte.com\/index.php\/2019\/03\/\">\n    \n        12 marzo, 2019        <\/a>\n    <meta itemprop=\"interactionCount\" content=\"UserComments: 0\"\/>\n<\/div><div class=\"eltdf-post-info-author\">\n    <span class=\"eltdf-post-info-author-text\">\n        By    <\/span>\n    <a itemprop=\"author\" class=\"eltdf-post-info-author-link\" href=\"https:\/\/www.goloarte.com\/index.php\/author\/infogoloarte-com-2\/\">\n        Juan Antonio Albaladejo    <\/a>\n<\/div><div class=\"eltdf-post-info-category\">\n    <a href=\"https:\/\/www.goloarte.com\/index.php\/category\/sin-categoria\/\" rel=\"category tag\">Actualidad<\/a><\/div>\t\t        <\/div>\n\t        \n            \n<h5 itemprop=\"name\" class=\"entry-title eltdf-post-title\">\n            <a itemprop=\"url\" href=\"https:\/\/www.goloarte.com\/index.php\/2019\/03\/12\/exposicion-2\/\" title=\"Exposici\u00f3n\">\n            Exposici\u00f3n            <\/a>\n    <\/h5>\n            <div class=\"eltdf-bli-excerpt\">\n                                <div class=\"eltdf-post-read-more-button\">\n<a itemprop=\"url\" href=\"https:\/\/www.goloarte.com\/index.php\/2019\/03\/12\/exposicion-2\/\" target=\"_self\"  class=\"eltdf-btn eltdf-btn-medium eltdf-btn-simple eltdf-blog-list-button\"  >    <span class=\"eltdf-btn-text\">LEER MAS<\/span>    <\/a><\/div>\n            <\/div>\n        <\/div>\n\t\t\t<\/div>\n<\/li><li class=\"eltdf-bl-item clearfix\">\n\t<div class=\"eltdf-bli-inner\">\n        \n\t<div class=\"eltdf-post-image\">\n        \t\t    <a itemprop=\"url\" href=\"https:\/\/www.goloarte.com\/index.php\/2019\/03\/12\/exposicion\/\" title=\"Exposici\u00f3n\">\n                            <img loading=\"lazy\" decoding=\"async\" width=\"454\" height=\"690\" src=\"https:\/\/www.goloarte.com\/wp-content\/uploads\/2019\/03\/IMG_1531221795449.jpg\" class=\"attachment-full size-full wp-post-image\" alt=\"\" srcset=\"https:\/\/www.goloarte.com\/wp-content\/uploads\/2019\/03\/IMG_1531221795449.jpg 454w, https:\/\/www.goloarte.com\/wp-content\/uploads\/2019\/03\/IMG_1531221795449-362x550.jpg 362w, https:\/\/www.goloarte.com\/wp-content\/uploads\/2019\/03\/IMG_1531221795449-300x456.jpg 300w\" sizes=\"auto, (max-width: 454px) 100vw, 454px\" \/>                \t\t    <\/a>\n        \t<\/div>\n\n        <div class=\"eltdf-bli-content\">\n\t        \t\t        <div class=\"eltdf-bli-info\">\n\t\t\t        <div itemprop=\"dateCreated\" class=\"eltdf-post-info-date entry-date published updated\">\n            <a itemprop=\"url\" href=\"https:\/\/www.goloarte.com\/index.php\/2019\/03\/\">\n    \n        12 marzo, 2019        <\/a>\n    <meta itemprop=\"interactionCount\" content=\"UserComments: 0\"\/>\n<\/div><div class=\"eltdf-post-info-author\">\n    <span class=\"eltdf-post-info-author-text\">\n        By    <\/span>\n    <a itemprop=\"author\" class=\"eltdf-post-info-author-link\" href=\"https:\/\/www.goloarte.com\/index.php\/author\/infogoloarte-com-2\/\">\n        Juan Antonio Albaladejo    <\/a>\n<\/div><div class=\"eltdf-post-info-category\">\n    <a href=\"https:\/\/www.goloarte.com\/index.php\/category\/sin-categoria\/\" rel=\"category tag\">Actualidad<\/a><\/div>\t\t        <\/div>\n\t        \n            \n<h5 itemprop=\"name\" class=\"entry-title eltdf-post-title\">\n            <a itemprop=\"url\" href=\"https:\/\/www.goloarte.com\/index.php\/2019\/03\/12\/exposicion\/\" title=\"Exposici\u00f3n\">\n            Exposici\u00f3n            <\/a>\n    <\/h5>\n            <div class=\"eltdf-bli-excerpt\">\n                                <div class=\"eltdf-post-read-more-button\">\n<a itemprop=\"url\" href=\"https:\/\/www.goloarte.com\/index.php\/2019\/03\/12\/exposicion\/\" target=\"_self\"  class=\"eltdf-btn eltdf-btn-medium eltdf-btn-simple eltdf-blog-list-button\"  >    <span class=\"eltdf-btn-text\">LEER MAS<\/span>    <\/a><\/div>\n            <\/div>\n        <\/div>\n\t\t\t<\/div>\n<\/li><li class=\"eltdf-bl-item clearfix\">\n\t<div class=\"eltdf-bli-inner\">\n        \n\t<div class=\"eltdf-post-image\">\n        \t\t    <a itemprop=\"url\" href=\"https:\/\/www.goloarte.com\/index.php\/2019\/03\/11\/entrevista-para-blog-de-moda-elegancia-chic\/\" title=\"Entrevista para Blog de moda ,,Elegancia Chic,,\">\n                            <img loading=\"lazy\" decoding=\"async\" width=\"720\" height=\"803\" src=\"https:\/\/www.goloarte.com\/wp-content\/uploads\/2019\/03\/IMG_20180221_181450_117.jpg\" class=\"attachment-full size-full wp-post-image\" alt=\"\" srcset=\"https:\/\/www.goloarte.com\/wp-content\/uploads\/2019\/03\/IMG_20180221_181450_117.jpg 720w, https:\/\/www.goloarte.com\/wp-content\/uploads\/2019\/03\/IMG_20180221_181450_117-550x613.jpg 550w, https:\/\/www.goloarte.com\/wp-content\/uploads\/2019\/03\/IMG_20180221_181450_117-493x550.jpg 493w, https:\/\/www.goloarte.com\/wp-content\/uploads\/2019\/03\/IMG_20180221_181450_117-300x335.jpg 300w, https:\/\/www.goloarte.com\/wp-content\/uploads\/2019\/03\/IMG_20180221_181450_117-600x669.jpg 600w\" sizes=\"auto, (max-width: 720px) 100vw, 720px\" \/>                \t\t    <\/a>\n        \t<\/div>\n\n        <div class=\"eltdf-bli-content\">\n\t        \t\t        <div class=\"eltdf-bli-info\">\n\t\t\t        <div itemprop=\"dateCreated\" class=\"eltdf-post-info-date entry-date published updated\">\n            <a itemprop=\"url\" href=\"https:\/\/www.goloarte.com\/index.php\/2019\/03\/\">\n    \n        11 marzo, 2019        <\/a>\n    <meta itemprop=\"interactionCount\" content=\"UserComments: 0\"\/>\n<\/div><div class=\"eltdf-post-info-author\">\n    <span class=\"eltdf-post-info-author-text\">\n        By    <\/span>\n    <a itemprop=\"author\" class=\"eltdf-post-info-author-link\" href=\"https:\/\/www.goloarte.com\/index.php\/author\/infogoloarte-com-2\/\">\n        Juan Antonio Albaladejo    <\/a>\n<\/div><div class=\"eltdf-post-info-category\">\n    <a href=\"https:\/\/www.goloarte.com\/index.php\/category\/sin-categoria\/\" rel=\"category tag\">Actualidad<\/a><\/div>\t\t        <\/div>\n\t        \n            \n<h5 itemprop=\"name\" class=\"entry-title eltdf-post-title\">\n            <a itemprop=\"url\" href=\"https:\/\/www.goloarte.com\/index.php\/2019\/03\/11\/entrevista-para-blog-de-moda-elegancia-chic\/\" title=\"Entrevista para Blog de moda ,,Elegancia Chic,,\">\n            Entrevista para Blog de moda ,,Elegancia Chic,,            <\/a>\n    <\/h5>\n            <div class=\"eltdf-bli-excerpt\">\n                \t\t<div class=\"eltdf-post-excerpt-holder\">\n\t\t\t<p itemprop=\"description\" class=\"eltdf-post-excerpt\">\n\t\t\t\tElegancia Chic Logo\r\nNatalia Golovastikova: el color del arte\r\nView Larger Image\r\nNatalia Golovastikova: el color del arte\r\n\r\n\u201cLa inspiraci\u00f3n es algo que no puedes obligar a surgir\u201d\r\n \r\n\r\nNatalia es una gran pintora nacida en Rusia pero, desde que se enamor\u00f3 de nuestro pa\u00eds, reside aqu\u00ed bastantes a\u00f1os. Desde bien peque\u00f1a despert\u00f3 una gran afici\u00f3n por la pintura, que fue creciendo a la par de su edad y en la que se fue especializando, cursando estudios de preparaci\u00f3n durante un a\u00f1o para poder acceder a la prestigiosa Academia de Artes Bogolyubov en Rusia. Una\t\t\t<\/p>\n\t\t<\/div>\n\t                <div class=\"eltdf-post-read-more-button\">\n<a itemprop=\"url\" href=\"https:\/\/www.goloarte.com\/index.php\/2019\/03\/11\/entrevista-para-blog-de-moda-elegancia-chic\/\" target=\"_self\"  class=\"eltdf-btn eltdf-btn-medium eltdf-btn-simple eltdf-blog-list-button\"  >    <span class=\"eltdf-btn-text\">LEER MAS<\/span>    <\/a><\/div>\n            <\/div>\n        <\/div>\n\t\t\t<\/div>\n<\/li><li class=\"eltdf-bl-item clearfix\">\n\t<div class=\"eltdf-bli-inner\">\n        \n\t<div class=\"eltdf-post-image\">\n        \t\t    <a itemprop=\"url\" href=\"https:\/\/www.goloarte.com\/index.php\/2017\/07\/05\/entrevista-de-tv-vega-baja\/\" title=\"Entrevista de TV Vega Baja\">\n                            <!-- Featured Video Plus v2.3.3 -->\n<div class=\"featured-video-plus post-thumbnail fvp-responsive fvp-youtube fvp-center\"><iframe loading=\"lazy\" title=\"Entrevista en el TV Vega Baja\" width=\"640\" height=\"360\" src=\"https:\/\/www.youtube.com\/embed\/X4F5s4sb_Qc?width=640&height=360&autoplay&origin=https%3A%2F%2Fwww.goloarte.com\" frameborder=\"0\" allow=\"accelerometer; autoplay; clipboard-write; encrypted-media; gyroscope; picture-in-picture; web-share\" referrerpolicy=\"strict-origin-when-cross-origin\" allowfullscreen><\/iframe><\/div>\n\n<img decoding=\"async\" class=\"fvp-onload\" src=\"https:\/\/www.goloarte.com\/wp-content\/plugins\/featured-video-plus\/img\/playicon.png\" alt=\"Featured Video Play Icon\" onload=\"(function() {('initFeaturedVideoPlus' in this) && ('function' === typeof initFeaturedVideoPlus) && initFeaturedVideoPlus();})();\" \/>                \t\t    <\/a>\n        \t<\/div>\n\n        <div class=\"eltdf-bli-content\">\n\t        \t\t        <div class=\"eltdf-bli-info\">\n\t\t\t        <div itemprop=\"dateCreated\" class=\"eltdf-post-info-date entry-date published updated\">\n            <a itemprop=\"url\" href=\"https:\/\/www.goloarte.com\/index.php\/2017\/07\/\">\n    \n        5 julio, 2017        <\/a>\n    <meta itemprop=\"interactionCount\" content=\"UserComments: 0\"\/>\n<\/div><div class=\"eltdf-post-info-author\">\n    <span class=\"eltdf-post-info-author-text\">\n        By    <\/span>\n    <a itemprop=\"author\" class=\"eltdf-post-info-author-link\" href=\"https:\/\/www.goloarte.com\/index.php\/author\/natalia\/\">\n        natalia golovastikoca    <\/a>\n<\/div><div class=\"eltdf-post-info-category\">\n    <a href=\"https:\/\/www.goloarte.com\/index.php\/category\/sin-categoria\/\" rel=\"category tag\">Actualidad<\/a><\/div>\t\t        <\/div>\n\t        \n            \n<h5 itemprop=\"name\" class=\"entry-title eltdf-post-title\">\n            <a itemprop=\"url\" href=\"https:\/\/www.goloarte.com\/index.php\/2017\/07\/05\/entrevista-de-tv-vega-baja\/\" title=\"Entrevista de TV Vega Baja\">\n            Entrevista de TV Vega Baja            <\/a>\n    <\/h5>\n            <div class=\"eltdf-bli-excerpt\">\n                \t\t<div class=\"eltdf-post-excerpt-holder\">\n\t\t\t<p itemprop=\"description\" class=\"eltdf-post-excerpt\">\n\t\t\t\tEntrevista en el programa \"CARA A CARA\" de TV VEGA BAJA con motivo de su exposici\u00f3n en la Sociedad Cultural Casino de Torrevieja.\r\n\r\nEn ella conocemos mejor a la artista, su trayectoria pict\u00f3rica, su estilo, sus sue\u00f1os\t\t\t<\/p>\n\t\t<\/div>\n\t                <div class=\"eltdf-post-read-more-button\">\n<a itemprop=\"url\" href=\"https:\/\/www.goloarte.com\/index.php\/2017\/07\/05\/entrevista-de-tv-vega-baja\/\" target=\"_self\"  class=\"eltdf-btn eltdf-btn-medium eltdf-btn-simple eltdf-blog-list-button\"  >    <span class=\"eltdf-btn-text\">LEER MAS<\/span>    <\/a><\/div>\n            <\/div>\n        <\/div>\n\t\t\t<\/div>\n<\/li>\t\t<\/ul>\n\t<\/div>\n\t<\/div>\t<\/div>\n<\/div>\n[\/vc_column][\/vc_row][vc_row disable_background_image=\u00bb\u00bb][vc_column][\/vc_column][\/vc_row][vc_row disable_background_image=\u00bb\u00bb][vc_column][\/vc_column][\/vc_row][vc_row disable_background_image=\u00bb\u00bb][vc_column][\/vc_column][\/vc_row][vc_row disable_background_image=\u00bb\u00bb][vc_column][\/vc_column][\/vc_row]<\/p>\n","protected":false},"excerpt":{"rendered":"<p>[vc_row disable_background_image=\u00bb\u00bb][vc_column][\/vc_column][\/vc_row][vc_row disable_background_image=\u00bb\u00bb][vc_column][\/vc_column][\/vc_row][vc_row disable_background_image=\u00bb\u00bb][vc_column][\/vc_column][\/vc_row][vc_row disable_background_image=\u00bb\u00bb][vc_column][\/vc_column][\/vc_row][vc_row disable_background_image=\u00bb\u00bb][vc_column][\/vc_column][\/vc_row]<\/p>\n","protected":false},"author":1,"featured_media":0,"parent":0,"menu_order":0,"comment_status":"closed","ping_status":"closed","template":"","meta":{"footnotes":""},"class_list":["post-4470","page","type-page","status-publish","hentry","has-post-video"],"_links":{"self":[{"href":"https:\/\/www.goloarte.com\/index.php\/wp-json\/wp\/v2\/pages\/4470","targetHints":{"allow":["GET"]}}],"collection":[{"href":"https:\/\/www.goloarte.com\/index.php\/wp-json\/wp\/v2\/pages"}],"about":[{"href":"https:\/\/www.goloarte.com\/index.php\/wp-json\/wp\/v2\/types\/page"}],"author":[{"embeddable":true,"href":"https:\/\/www.goloarte.com\/index.php\/wp-json\/wp\/v2\/users\/1"}],"replies":[{"embeddable":true,"href":"https:\/\/www.goloarte.com\/index.php\/wp-json\/wp\/v2\/comments?post=4470"}],"version-history":[{"count":6,"href":"https:\/\/www.goloarte.com\/index.php\/wp-json\/wp\/v2\/pages\/4470\/revisions"}],"predecessor-version":[{"id":7678,"href":"https:\/\/www.goloarte.com\/index.php\/wp-json\/wp\/v2\/pages\/4470\/revisions\/7678"}],"wp:attachment":[{"href":"https:\/\/www.goloarte.com\/index.php\/wp-json\/wp\/v2\/media?parent=4470"}],"curies":[{"name":"wp","href":"https:\/\/api.w.org\/{rel}","templated":true}]}}